{"id":199,"date":"2025-06-16T22:04:14","date_gmt":"2025-06-16T20:04:14","guid":{"rendered":"https:\/\/dolomitimountaingroup.com\/homepage\/"},"modified":"2026-04-15T13:00:41","modified_gmt":"2026-04-15T11:00:41","slug":"homepage","status":"publish","type":"page","link":"https:\/\/dolomitimountaingroup.com\/de\/","title":{"rendered":"Homepage"},"content":{"rendered":"<p>Zur <strong>Dolomiti Mountain Group<\/strong> in Borca di Cadore geh\u00f6rt der <strong>Happy Park<\/strong>, der einen Spielplatz, Tennispl\u00e4tze, eine Bar mit Grill und im Winter eine Eislaufbahn bietet.<\/p>\n<p>In Venas di Cadore, am Dolomiten-Radweg, bietet die <a href=\"https:\/\/www.villagaia.info\/index.php?lang=2\" target=\"_blank\" rel=\"noopener\"><strong>Dolomiti Lodge Villa Gaia ***S<\/strong><\/a> eine unglaubliche Aussicht. Das traditionelle Restaurant ist zum Mittag- und Abendessen ge\u00f6ffnet, w\u00e4hrend die Mountain Bar ganzt\u00e4gig ge\u00f6ffnet ist. Und das alles nur wenige Kilometer von Cortina d&#8217;Ampezzo entfernt.<\/p>\n<p><a href=\"https:\/\/www.chaletcridola.it\/de\/\" target=\"_blank\" rel=\"noopener\"><strong>Chalet Cridola Dolomiti Experience ***S<\/strong><\/a>\u00a0befindet sich in Lorenzago di Cadore, einem kleinen Cadore-Dorf, das ein beliebtes Urlaubsziel der P\u00e4pste war, unweit von Auronzo di Cadore. Es ist ein idealer Ausgangspunkt f\u00fcr einen Besuch der Drei Zinnen. Das <strong>Mountain Gourmet Restaurant und Weinbar<\/strong> ist ausgezeichnet und verf\u00fcgt \u00fcber ein privates Spa f\u00fcr Chalet-G\u00e4ste. Au\u00dferdem haben wir in Lorenzago die Bar <strong>Al Centrale<\/strong>\u00a0auf dem Platz, wo Sie einen guten Kaffee und einen Aperitif genie\u00dfen k\u00f6nnen.<\/p>\n<p>Eingebettet in die bezaubernden Prosecco-H\u00fcgel ist das <strong><a href=\"https:\/\/www.coloniaresort.com\/de\/\" target=\"_blank\" rel=\"noopener\">Colon\u00eca Resort &amp; Spa ****S<\/a><\/strong> in <strong>Manzana di Vittorio Veneto<\/strong> (TV) ein wahres Paradies, in dem Eleganz und Raffinesse mit der unverf\u00e4lschten Einfachheit der Region verschmelzen. G\u00f6nnen Sie sich Momente purer Entspannung im <strong>exklusiven Spa<\/strong> des Anwesens und genie\u00dfen Sie die Gerichte der <strong>Kolon\u00eca Osteria Contemporanea<\/strong> f\u00fcr ein unvergessliches Gourmet-Erlebnis.<\/p>\n<p>Wir legen besonderen Wert auf die \u00f6kologische Nachhaltigkeit unserer Region: Wir f\u00f6rdern und verwenden lokale Produkte und Materialien, reduzieren Abfall und Plastik, bieten kostenlose Parkpl\u00e4tze, Ladestationen f\u00fcr Elektroautos und stellen unseren G\u00e4sten kostenlos Mountainbikes, Nordic-Walking-St\u00f6cke und Schneeschuhe zur Verf\u00fcgung.<\/p>\n<p>G\u00e4ste k\u00f6nnen sich in der Dolomitengruppe frei bewegen. Leistungen, die nicht in der Reservierung enthalten sind, k\u00f6nnen zu exklusiven Rabatten f\u00fcr unsere G\u00e4ste gebucht und genutzt werden. Nach vorheriger Reservierung k\u00f6nnen Sie diese auch mit dem speziellen Shuttle erreichen.<\/p>\n<p>Die Dolomiti Mountain Group ist haustierfreundlich: Ihre vierbeinigen Freunde k\u00f6nnen alle unsere Einrichtungen an der Leine betreten, mit Ausnahme des Spas.<\/p>\n","protected":false},"excerpt":{"rendered":"<p>Zur Dolomiti Mountain Group in Borca di Cadore geh\u00f6rt der Happy Park, der einen Spielplatz, Tennispl\u00e4tze, eine Bar mit Grill und im Winter eine Eislaufbahn bietet. In Venas di Cadore, am Dolomiten-Radweg, bietet die Dolomiti Lodge Villa Gaia ***S eine&#8230;<\/p>\n","protected":false},"author":1,"featured_media":137,"parent":0,"menu_order":0,"comment_status":"closed","ping_status":"closed","template":"page-home.php","meta":{"footnotes":""},"class_list":["post-199","page","type-page","status-publish","has-post-thumbnail","hentry"],"acf":[],"_links":{"self":[{"href":"https:\/\/dolomitimountaingroup.com\/de\/wp-json\/wp\/v2\/pages\/199","targetHints":{"allow":["GET"]}}],"collection":[{"href":"https:\/\/dolomitimountaingroup.com\/de\/wp-json\/wp\/v2\/pages"}],"about":[{"href":"https:\/\/dolomitimountaingroup.com\/de\/wp-json\/wp\/v2\/types\/page"}],"author":[{"embeddable":true,"href":"https:\/\/dolomitimountaingroup.com\/de\/wp-json\/wp\/v2\/users\/1"}],"replies":[{"embeddable":true,"href":"https:\/\/dolomitimountaingroup.com\/de\/wp-json\/wp\/v2\/comments?post=199"}],"version-history":[{"count":13,"href":"https:\/\/dolomitimountaingroup.com\/de\/wp-json\/wp\/v2\/pages\/199\/revisions"}],"predecessor-version":[{"id":274,"href":"https:\/\/dolomitimountaingroup.com\/de\/wp-json\/wp\/v2\/pages\/199\/revisions\/274"}],"wp:featuredmedia":[{"embeddable":true,"href":"https:\/\/dolomitimountaingroup.com\/de\/wp-json\/wp\/v2\/media\/137"}],"wp:attachment":[{"href":"https:\/\/dolomitimountaingroup.com\/de\/wp-json\/wp\/v2\/media?parent=199"}],"curies":[{"name":"wp","href":"https:\/\/api.w.org\/{rel}","templated":true}]}}